{"id":543,"date":"2025-06-12T13:15:35","date_gmt":"2025-06-12T13:15:35","guid":{"rendered":"https:\/\/www.sayvana.com\/?post_type=product&#038;p=543"},"modified":"2025-09-05T17:08:13","modified_gmt":"2025-09-05T17:08:13","slug":"demontaj-parcasi","status":"publish","type":"product","link":"https:\/\/www.sayvana.com\/index.php\/urun\/demontaj-parcasi\/","title":{"rendered":"Demontaj Par\u00e7as\u0131"},"content":{"rendered":"<p><b>\u00dcRET\u0130M STANDARTLARI<\/b><\/p>\n<p>&nbsp;<\/p>\n<p><b>ANMA \u00c7APLARI<\/b><span style=\"font-weight: 400;\"> :DN50 \u2013 DN65 \u2013 DN80-\u00a0 DN100- DN125- DN150- DN200 \u2013 DN250 \u2013 DN300 \u2013 DN350 \u2013 DN400 \u2013 DN450 \u2013 DN500 \u2013 DN600 \u2013 DN700 \u2013 DN800 \u2013 DN900 \u2013 DN1000 \u2013 DN1100 \u2013 DN1200 \u2013 DN1300 \u2013 DN1400 \u2013 DN1500 \u2013 DN1600 \u2013 DN1800 \u2013 DN2000 \u2013 DN2200 \u2013 DN2400<\/span><\/p>\n<p><b>ANMA BA\u015eIN\u00c7LARI: <\/b><span style=\"font-weight: 400;\">PN10 \u2013 PN-16 \u2013 PN25 \u2013 PN40 \u2013CL150<\/span><\/p>\n<p><b>FLAN\u015e BA\u011eLANTISI: <\/b><span style=\"font-weight: 400;\">EN 1092-2 (\u00a0 ISO 7005-2) <\/span><\/p>\n<p><b>D\u00d6K\u00dcM STANDART: <\/b><span style=\"font-weight: 400;\">EN 1563<\/span><\/p>\n<p><b>TEST STANDARTLARI: <\/b><span style=\"font-weight: 400;\">EN 1074, EN12266<\/span><\/p>\n<p><b>BOYA<\/b><span style=\"font-weight: 400;\">: BOYA: WRAS Belgeli (mavi ve ye\u015fil) elektrostatik epoksi toz boya (RAL 5005 VE RAL6026)<\/span><\/p>\n<p><span style=\"font-weight: 400;\">\u00a0\u00a0\u00a0\u00a0\u00a0\u00a0\u00a0\u00a0\u00a0\u00a0\u00a0\u00a0WRAS Belgeli (mavi ve ye\u015fil) elektrostatik termoplastik toz boya (RAL 5005 VE RAL6026)<\/span><\/p>\n<p>&nbsp;<\/p>\n<p><span style=\"font-weight: 400;\">TEKN\u0130K DETAY \u00c7\u0130Z\u0130M VE \u00d6L\u00c7\u00dcLER<\/span><\/p>\n<table dir=\"ltr\" border=\"1\" cellspacing=\"0\" cellpadding=\"0\" data-sheets-root=\"1\" data-sheets-baot=\"1\">\n<colgroup>\n<col width=\"137\" \/>\n<col width=\"89\" \/>\n<col width=\"113\" \/>\n<col width=\"60\" \/>\n<col width=\"60\" \/>\n<col width=\"60\" \/>\n<col width=\"62\" \/>\n<col width=\"70\" \/>\n<col width=\"71\" \/>\n<col width=\"71\" \/><\/colgroup>\n<tbody>\n<tr>\n<td colspan=\"1\" rowspan=\"2\">\n<div>Anma \u00c7ap\u0131<\/div>\n<\/td>\n<td colspan=\"7\" rowspan=\"1\">BOYUTLAR<\/td>\n<td colspan=\"2\" rowspan=\"1\">Vana A\u011f\u0131rl\u0131klar\u0131<\/td>\n<\/tr>\n<tr>\n<td colspan=\"3\" rowspan=\"1\">PN 10<\/td>\n<td colspan=\"3\" rowspan=\"1\">PN 16<\/td>\n<td>H<\/td>\n<td>PN 10<\/td>\n<td>PN 16<\/td>\n<\/tr>\n<tr>\n<td>DN<\/td>\n<td>D<\/td>\n<td>k<\/td>\n<td>d2xn<\/td>\n<td>D<\/td>\n<td>k<\/td>\n<td>d2xn<\/td>\n<td>H<\/td>\n<td>Kg<\/td>\n<td>Kg<\/td>\n<\/tr>\n<tr>\n<td>50<\/td>\n<td>165<\/td>\n<td>125<\/td>\n<td>19X4<\/td>\n<td>165<\/td>\n<td>125<\/td>\n<td>19X4<\/td>\n<td>40<\/td>\n<td>8<\/td>\n<td>8<\/td>\n<\/tr>\n<tr>\n<td>65<\/td>\n<td>185<\/td>\n<td>145<\/td>\n<td>19X4<\/td>\n<td>185<\/td>\n<td>145<\/td>\n<td>19X4<\/td>\n<td>40<\/td>\n<td>9<\/td>\n<td>9<\/td>\n<\/tr>\n<tr>\n<td>80<\/td>\n<td>200<\/td>\n<td>160<\/td>\n<td>19X8<\/td>\n<td>200<\/td>\n<td>160<\/td>\n<td>19X8<\/td>\n<td>40<\/td>\n<td>16<\/td>\n<td>16<\/td>\n<\/tr>\n<tr>\n<td>100<\/td>\n<td>220<\/td>\n<td>180<\/td>\n<td>19X8<\/td>\n<td>220<\/td>\n<td>180<\/td>\n<td>19X8<\/td>\n<td>40<\/td>\n<td>21<\/td>\n<td>21<\/td>\n<\/tr>\n<tr>\n<td>125<\/td>\n<td>250<\/td>\n<td>210<\/td>\n<td>19X8<\/td>\n<td>250<\/td>\n<td>210<\/td>\n<td>19X8<\/td>\n<td>40<\/td>\n<td>26<\/td>\n<td>26<\/td>\n<\/tr>\n<tr>\n<td>150<\/td>\n<td>285<\/td>\n<td>240<\/td>\n<td>23X8<\/td>\n<td>285<\/td>\n<td>240<\/td>\n<td>23X8<\/td>\n<td>40<\/td>\n<td>35<\/td>\n<td>35<\/td>\n<\/tr>\n<tr>\n<td>200<\/td>\n<td>340<\/td>\n<td>295<\/td>\n<td>23X8<\/td>\n<td>340<\/td>\n<td>295<\/td>\n<td>23X12<\/td>\n<td>40<\/td>\n<td>46<\/td>\n<td>50<\/td>\n<\/tr>\n<tr>\n<td>250<\/td>\n<td>400<\/td>\n<td>350<\/td>\n<td>23X12<\/td>\n<td>405<\/td>\n<td>355<\/td>\n<td>28X12<\/td>\n<td>40<\/td>\n<td>70<\/td>\n<td>80<\/td>\n<\/tr>\n<tr>\n<td>300<\/td>\n<td>455<\/td>\n<td>400<\/td>\n<td>23X12<\/td>\n<td>460<\/td>\n<td>410<\/td>\n<td>28X12<\/td>\n<td>40<\/td>\n<td>90<\/td>\n<td>99<\/td>\n<\/tr>\n<tr>\n<td>350<\/td>\n<td>505<\/td>\n<td>460<\/td>\n<td>23X16<\/td>\n<td>520<\/td>\n<td>470<\/td>\n<td>28X16<\/td>\n<td>40<\/td>\n<td>105<\/td>\n<td>140<\/td>\n<\/tr>\n<tr>\n<td>400<\/td>\n<td>565<\/td>\n<td>515<\/td>\n<td>28X16<\/td>\n<td>580<\/td>\n<td>525<\/td>\n<td>31X16<\/td>\n<td>40<\/td>\n<td>135<\/td>\n<td>165<\/td>\n<\/tr>\n<tr>\n<td>450<\/td>\n<td>615<\/td>\n<td>565<\/td>\n<td>28X20<\/td>\n<td>640<\/td>\n<td>585<\/td>\n<td>31X20<\/td>\n<td>40<\/td>\n<td>145<\/td>\n<td>190<\/td>\n<\/tr>\n<tr>\n<td>500<\/td>\n<td>670<\/td>\n<td>620<\/td>\n<td>28X20<\/td>\n<td>715<\/td>\n<td>650<\/td>\n<td>34X20<\/td>\n<td>40<\/td>\n<td>155<\/td>\n<td>210<\/td>\n<\/tr>\n<tr>\n<td>600<\/td>\n<td>780<\/td>\n<td>725<\/td>\n<td>31X20<\/td>\n<td>840<\/td>\n<td>770<\/td>\n<td>37X20<\/td>\n<td>40<\/td>\n<td>215<\/td>\n<td>300<\/td>\n<\/tr>\n<tr>\n<td>700<\/td>\n<td>895<\/td>\n<td>840<\/td>\n<td>31X24<\/td>\n<td>910<\/td>\n<td>840<\/td>\n<td>37X24<\/td>\n<td>40<\/td>\n<td>265<\/td>\n<td>340<\/td>\n<\/tr>\n<tr>\n<td>800<\/td>\n<td>1015<\/td>\n<td>950<\/td>\n<td>34X24<\/td>\n<td>1025<\/td>\n<td>950<\/td>\n<td>41X24<\/td>\n<td>40<\/td>\n<td>310<\/td>\n<td>400<\/td>\n<\/tr>\n<tr>\n<td>900<\/td>\n<td>1115<\/td>\n<td>1050<\/td>\n<td>34X28<\/td>\n<td>1125<\/td>\n<td>1050<\/td>\n<td>41X28<\/td>\n<td>40<\/td>\n<td>370<\/td>\n<td>450<\/td>\n<\/tr>\n<tr>\n<td>1000<\/td>\n<td>1230<\/td>\n<td>1160<\/td>\n<td>37X28<\/td>\n<td>1255<\/td>\n<td>1170<\/td>\n<td>44X28<\/td>\n<td>40<\/td>\n<td>450<\/td>\n<td>500<\/td>\n<\/tr>\n<tr>\n<td>1100<\/td>\n<td>1340<\/td>\n<td>1270<\/td>\n<td>37X32<\/td>\n<td>1355<\/td>\n<td>1270<\/td>\n<td>44X32<\/td>\n<td>40<\/td>\n<td>600<\/td>\n<td>700<\/td>\n<\/tr>\n<tr>\n<td>1200<\/td>\n<td>1455<\/td>\n<td>1380<\/td>\n<td>41X32<\/td>\n<td>1485<\/td>\n<td>1390<\/td>\n<td>50X32<\/td>\n<td>40<\/td>\n<td>730<\/td>\n<td>840<\/td>\n<\/tr>\n<tr>\n<td>1300<\/td>\n<td>1585<\/td>\n<td>1490<\/td>\n<td>42X32<\/td>\n<td>1585<\/td>\n<td>1490<\/td>\n<td>50X32<\/td>\n<td>40<\/td>\n<td>810<\/td>\n<td>950<\/td>\n<\/tr>\n<tr>\n<td>1400<\/td>\n<td>1675<\/td>\n<td>1590<\/td>\n<td>44X36<\/td>\n<td>1685<\/td>\n<td>1590<\/td>\n<td>50X36<\/td>\n<td>40<\/td>\n<td>890<\/td>\n<td>1020<\/td>\n<\/tr>\n<tr>\n<td>1500<\/td>\n<td>1785<\/td>\n<td>1700<\/td>\n<td>44X36<\/td>\n<td>1820<\/td>\n<td>1710<\/td>\n<td>57X36<\/td>\n<td>40<\/td>\n<td>1050<\/td>\n<td>1250<\/td>\n<\/tr>\n<tr>\n<td>1600<\/td>\n<td>1915<\/td>\n<td>1820<\/td>\n<td>50X40<\/td>\n<td>1930<\/td>\n<td>1820<\/td>\n<td>57X40<\/td>\n<td>40<\/td>\n<td>1680<\/td>\n<td>2100<\/td>\n<\/tr>\n<tr>\n<td>1800<\/td>\n<td>2115<\/td>\n<td>2020<\/td>\n<td>50X44<\/td>\n<td>2130<\/td>\n<td>2020<\/td>\n<td>57X44<\/td>\n<td>40<\/td>\n<td>2100<\/td>\n<td>2800<\/td>\n<\/tr>\n<tr>\n<td>2000<\/td>\n<td>2325<\/td>\n<td>2230<\/td>\n<td>50X48<\/td>\n<td>2345<\/td>\n<td>2230<\/td>\n<td>62X48<\/td>\n<td>40<\/td>\n<td>2400<\/td>\n<td>3050<\/td>\n<\/tr>\n<tr>\n<td>2200<\/td>\n<td>2550<\/td>\n<td>2440<\/td>\n<td>50X56<\/td>\n<td>2555<\/td>\n<td>2440<\/td>\n<td>62X52<\/td>\n<td>40<\/td>\n<td>3000<\/td>\n<td>3530<\/td>\n<\/tr>\n<tr>\n<td>2400<\/td>\n<td>2760<\/td>\n<td>2650<\/td>\n<td>57X56<\/td>\n<td>2760<\/td>\n<td>2650<\/td>\n<td>62X56<\/td>\n<td>40<\/td>\n<td>3700<\/td>\n<td>3975<\/td>\n<\/tr>\n<\/tbody>\n<\/table>\n<p><img fetchpriority=\"high\" decoding=\"async\" class=\"alignnone size-full wp-image-577\" src=\"https:\/\/www.sayvana.com\/wp-content\/uploads\/2025\/06\/asasasas.png\" alt=\"\" width=\"771\" height=\"444\" srcset=\"https:\/\/www.sayvana.com\/wp-content\/uploads\/2025\/06\/asasasas.png 771w, https:\/\/www.sayvana.com\/wp-content\/uploads\/2025\/06\/asasasas-300x173.png 300w, https:\/\/www.sayvana.com\/wp-content\/uploads\/2025\/06\/asasasas-768x442.png 768w, https:\/\/www.sayvana.com\/wp-content\/uploads\/2025\/06\/asasasas-600x346.png 600w\" sizes=\"(max-width: 771px) 100vw, 771px\" \/><\/p>\n<table dir=\"ltr\" border=\"1\" cellspacing=\"0\" cellpadding=\"0\" data-sheets-root=\"1\" data-sheets-baot=\"1\">\n<colgroup>\n<col width=\"41\" \/>\n<col width=\"122\" \/>\n<col width=\"274\" \/><\/colgroup>\n<tbody>\n<tr>\n<td><\/td>\n<td>PAR\u00c7A ADI<\/td>\n<td>MALZEME C\u0130NS\u0130<\/td>\n<\/tr>\n<tr>\n<td>1<\/td>\n<td>G\u00d6VDE<\/td>\n<td>GGG 40-50 EPOXY KAPLAMA<\/td>\n<\/tr>\n<tr>\n<td>2<\/td>\n<td>G\u00d6VDE<\/td>\n<td>GGG 40-50 EPOXY KAPLAMA<\/td>\n<\/tr>\n<tr>\n<td>3<\/td>\n<td>ARA FLAN\u015e<\/td>\n<td>S737\/GGG 40-50 EPOXY KAPLAMA<\/td>\n<\/tr>\n<tr>\n<td>4<\/td>\n<td>G\u0130JON<\/td>\n<td>8.8 GALVAN\u0130Z KAPLI A2\/A4<\/td>\n<\/tr>\n<tr>\n<td>5<\/td>\n<td>SOMUN<\/td>\n<td>8.8 GALVAN\u0130Z KAPLI A2\/A4<\/td>\n<\/tr>\n<tr>\n<td>6<\/td>\n<td>CONTA<\/td>\n<td>EPDM\/NBR<\/td>\n<\/tr>\n<\/tbody>\n<\/table>\n","protected":false},"excerpt":{"rendered":"<p><span style=\"font-weight: 400;\">Demontaj par\u00e7as\u0131, boru hatlar\u0131 ve vana sistemlerinin montaj ve demontaj i\u015flemlerinde kullan\u0131lan \u00f6nemli bir ekipmand\u0131r. Demontaj par\u00e7as\u0131 , boru ba\u011flant\u0131lar\u0131n\u0131 ge\u00e7ici olarak a\u00e7may\u0131 ve kapamay\u0131 kolayla\u015ft\u0131r\u0131r, b\u00f6ylece bak\u0131m, onar\u0131m veya de\u011fi\u015fim i\u015flemleri s\u0131ras\u0131nda boru hatlar\u0131n\u0131n zarar g\u00f6rmesini \u00f6nler.<\/span><\/p>\n","protected":false},"featured_media":494,"comment_status":"open","ping_status":"closed","template":"","meta":[],"product_brand":[],"product_cat":[45],"product_tag":[],"class_list":{"0":"post-543","1":"product","2":"type-product","3":"status-publish","4":"has-post-thumbnail","6":"product_cat-genel","8":"first","9":"instock","10":"shipping-taxable","11":"product-type-simple"},"_links":{"self":[{"href":"https:\/\/www.sayvana.com\/index.php\/wp-json\/wp\/v2\/product\/543","targetHints":{"allow":["GET"]}}],"collection":[{"href":"https:\/\/www.sayvana.com\/index.php\/wp-json\/wp\/v2\/product"}],"about":[{"href":"https:\/\/www.sayvana.com\/index.php\/wp-json\/wp\/v2\/types\/product"}],"replies":[{"embeddable":true,"href":"https:\/\/www.sayvana.com\/index.php\/wp-json\/wp\/v2\/comments?post=543"}],"wp:featuredmedia":[{"embeddable":true,"href":"https:\/\/www.sayvana.com\/index.php\/wp-json\/wp\/v2\/media\/494"}],"wp:attachment":[{"href":"https:\/\/www.sayvana.com\/index.php\/wp-json\/wp\/v2\/media?parent=543"}],"wp:term":[{"taxonomy":"product_brand","embeddable":true,"href":"https:\/\/www.sayvana.com\/index.php\/wp-json\/wp\/v2\/product_brand?post=543"},{"taxonomy":"product_cat","embeddable":true,"href":"https:\/\/www.sayvana.com\/index.php\/wp-json\/wp\/v2\/product_cat?post=543"},{"taxonomy":"product_tag","embeddable":true,"href":"https:\/\/www.sayvana.com\/index.php\/wp-json\/wp\/v2\/product_tag?post=543"}],"curies":[{"name":"wp","href":"https:\/\/api.w.org\/{rel}","templated":true}]}}